{"id":24117,"date":"2018-05-30T14:11:32","date_gmt":"2018-05-30T12:11:32","guid":{"rendered":"https:\/\/www.treatwell.es\/in-the-glow\/?page_id=14028"},"modified":"2026-02-25T13:54:59","modified_gmt":"2026-02-25T13:54:59","slug":"disclaimer","status":"publish","type":"page","link":"https:\/\/www.treatwell.pt/treatment-files\/disclaimer\/","title":{"rendered":"Aviso legal"},"content":{"rendered":"<p>A informa\u00e7\u00e3o contida nas especifica\u00e7\u00f5es dos tratamentos destina-se apenas a fins informativos gerais. A informa\u00e7\u00e3o \u00e9 fornecida pela Treatwell e, embora nos esforcemos por mant\u00ea-la atualizada e correta, n\u00e3o prestamos quaisquer declara\u00e7\u00f5es ou garantias de qualquer natureza, expressas ou impl\u00edcitas, quanto \u00e0 sua integridade, exatid\u00e3o, fiabilidade, adequa\u00e7\u00e3o ou disponibilidade relativamente \u00e0 informa\u00e7\u00e3o, produtos, servi\u00e7os ou imagens contidas em <a href=\"https:\/\/www.treatwell.pt\/\">www.treatwell.pt<\/a>. Qualquer utiliza\u00e7\u00e3o da informa\u00e7\u00e3o, produtos e\/ou servi\u00e7os \u00e9 feita por tua conta e risco. Por isso, sempre que necess\u00e1rio, deves consultar um profissional adequado para obter aconselhamento espec\u00edfico e adaptado \u00e0s tuas necessidades e a cada situa\u00e7\u00e3o concreta.<\/p>\n<p>A informa\u00e7\u00e3o constante nas especifica\u00e7\u00f5es dos tratamentos n\u00e3o dispensa aconselhamento m\u00e9dico ou de outro profissional de sa\u00fade. Sempre que necessites de aconselhamento m\u00e9dico, deves consultar o teu m\u00e9dico ou outro profissional de sa\u00fade qualificado.<\/p>\n<p>Atrav\u00e9s deste website, poder\u00e1s aceder a links para outros websites que n\u00e3o se encontram sob o controlo da Treatwell. N\u00e3o temos qualquer controlo sobre a natureza, conte\u00fado ou disponibilidade desses websites e n\u00e3o nos responsabilizamos pelos mesmos. A inclus\u00e3o de links n\u00e3o implica necessariamente que se tratem de recomenda\u00e7\u00f5es ou de valida\u00e7\u00e3o das opini\u00f5es expressas nesses websites.<\/p>\n<p>Em caso algum a Treatwell poder\u00e1 ser responsabilizada por quaisquer danos diretos, indiretos, punitivos, incidentais, resultantes, ou quaisquer outros decorrentes ou relacionados com a utiliza\u00e7\u00e3o, desempenho ou confian\u00e7a na informa\u00e7\u00e3o, produtos, servi\u00e7os ou conte\u00fados publicados em <a href=\"https:\/\/www.treatwell.pt\/\">www.treatwell.pt<\/a>.<\/p>\n","protected":false},"excerpt":{"rendered":"<p>A informa\u00e7\u00e3o contida nas especifica\u00e7\u00f5es dos tratamentos destina-se apenas a fins informativos gerais. A informa\u00e7\u00e3o \u00e9 fornecida pela Treatwell e, embora nos esforcemos por mant\u00ea-la atualizada e correta, n\u00e3o prestamos quaisquer declara\u00e7\u00f5es ou garantias de qualquer natureza, expressas ou impl\u00edcitas, quanto \u00e0 sua integridade, exatid\u00e3o, fiabilidade, adequa\u00e7\u00e3o ou disponibilidade relativamente \u00e0 informa\u00e7\u00e3o, produtos, servi\u00e7os ou [&hellip;]<\/p>\n","protected":false},"author":3398,"featured_media":0,"parent":0,"menu_order":0,"comment_status":"closed","ping_status":"closed","template":"","meta":{"_acf_changed":false,"_genesis_hide_title":false,"_genesis_hide_breadcrumbs":false,"_genesis_hide_singular_image":false,"_genesis_hide_footer_widgets":false,"_genesis_custom_body_class":"","_genesis_custom_post_class":"","_genesis_layout":"","saswp_custom_schema_field":"","footnotes":""},"class_list":{"0":"post-24117","1":"page","2":"type-page","3":"status-publish","5":"entry"},"acf":[],"yoast_head":"<!-- This site is optimized with the Yoast SEO plugin v27.3 - https:\/\/yoast.com\/product\/yoast-seo-wordpress\/ -->\n<title>Aviso legal | Treatwell<\/title>\n<meta name=\"robots\" content=\"index, follow, max-snippet:-1, max-image-preview:large, max-video-preview:-1\" \/>\n<link rel=\"canonical\" href=\"https:\/\/www.treatwell.pt/treatment-files\/disclaimer\/\" \/>\n<meta property=\"og:locale\" content=\"pt_PT\" \/>\n<meta property=\"og:type\" content=\"article\" \/>\n<meta property=\"og:title\" content=\"Aviso legal | Treatwell\" \/>\n<meta property=\"og:description\" content=\"A informa\u00e7\u00e3o contida nas especifica\u00e7\u00f5es dos tratamentos destina-se apenas a fins informativos gerais. A informa\u00e7\u00e3o \u00e9 fornecida pela Treatwell e, embora nos esforcemos por mant\u00ea-la atualizada e correta, n\u00e3o prestamos quaisquer declara\u00e7\u00f5es ou garantias de qualquer natureza, expressas ou impl\u00edcitas, quanto \u00e0 sua integridade, exatid\u00e3o, fiabilidade, adequa\u00e7\u00e3o ou disponibilidade relativamente \u00e0 informa\u00e7\u00e3o, produtos, servi\u00e7os ou [&hellip;]\" \/>\n<meta property=\"og:url\" content=\"https:\/\/www.treatwell.pt/treatment-files\/disclaimer\/\" \/>\n<meta property=\"og:site_name\" content=\"The Treatment Files Blog\" \/>\n<meta property=\"article:modified_time\" content=\"2026-02-25T13:54:59+00:00\" \/>\n<meta name=\"twitter:card\" content=\"summary_large_image\" \/>\n<meta name=\"twitter:label1\" content=\"Est. reading time\" \/>\n\t<meta name=\"twitter:data1\" content=\"2 minutos\" \/>\n<script type=\"application\/ld+json\" class=\"yoast-schema-graph\">{\"@context\":\"https:\\\/\\\/schema.org\",\"@graph\":[{\"@type\":\"WebPage\",\"@id\":\"https:\\\/\\\/www.treatwell.pt/treatment-files\\\/disclaimer\\\/\",\"url\":\"https:\\\/\\\/www.treatwell.pt/treatment-files\\\/disclaimer\\\/\",\"name\":\"Aviso legal | Treatwell\",\"isPartOf\":{\"@id\":\"https:\\\/\\\/www.treatwell.pt/treatment-files\\\/#website\"},\"datePublished\":\"2018-05-30T12:11:32+00:00\",\"dateModified\":\"2026-02-25T13:54:59+00:00\",\"breadcrumb\":{\"@id\":\"https:\\\/\\\/www.treatwell.pt/treatment-files\\\/disclaimer\\\/#breadcrumb\"},\"inLanguage\":\"pt-PT\",\"potentialAction\":[{\"@type\":\"ReadAction\",\"target\":[\"https:\\\/\\\/www.treatwell.pt/treatment-files\\\/disclaimer\\\/\"]}]},{\"@type\":\"BreadcrumbList\",\"@id\":\"https:\\\/\\\/www.treatwell.pt/treatment-files\\\/disclaimer\\\/#breadcrumb\",\"itemListElement\":[{\"@type\":\"ListItem\",\"position\":1,\"name\":\"Home\",\"item\":\"https:\\\/\\\/www.treatwell.pt/treatment-files\\\/\"},{\"@type\":\"ListItem\",\"position\":2,\"name\":\"Aviso legal\"}]},{\"@type\":\"WebSite\",\"@id\":\"https:\\\/\\\/www.treatwell.pt/treatment-files\\\/#website\",\"url\":\"https:\\\/\\\/www.treatwell.pt/treatment-files\\\/\",\"name\":\"The Treatment Files Blog\",\"description\":\"Beleza. Cabelo. Lifestyle.\",\"publisher\":{\"@id\":\"https:\\\/\\\/www.treatwell.pt/treatment-files\\\/#organization\"},\"potentialAction\":[{\"@type\":\"SearchAction\",\"target\":{\"@type\":\"EntryPoint\",\"urlTemplate\":\"https:\\\/\\\/www.treatwell.pt/treatment-files\\\/?s={search_term_string}\"},\"query-input\":{\"@type\":\"PropertyValueSpecification\",\"valueRequired\":true,\"valueName\":\"search_term_string\"}}],\"inLanguage\":\"pt-PT\"},{\"@type\":\"Organization\",\"@id\":\"https:\\\/\\\/www.treatwell.pt/treatment-files\\\/#organization\",\"name\":\"Treatwell\",\"url\":\"https:\\\/\\\/www.treatwell.pt/treatment-files\\\/\",\"logo\":{\"@type\":\"ImageObject\",\"inLanguage\":\"pt-PT\",\"@id\":\"https:\\\/\\\/www.treatwell.pt/treatment-files\\\/#\\\/schema\\\/logo\\\/image\\\/\",\"url\":\"https:\\\/\\\/es-es.twb2c.wpengine.treatwell.com\\\/wp-content\\\/uploads\\\/sites\\\/10\\\/2022\\\/03\\\/logo_treatwell.png\",\"contentUrl\":\"https:\\\/\\\/es-es.twb2c.wpengine.treatwell.com\\\/wp-content\\\/uploads\\\/sites\\\/10\\\/2022\\\/03\\\/logo_treatwell.png\",\"width\":889,\"height\":164,\"caption\":\"Treatwell\"},\"image\":{\"@id\":\"https:\\\/\\\/www.treatwell.pt/treatment-files\\\/#\\\/schema\\\/logo\\\/image\\\/\"}}]}<\/script>\n<!-- \/ Yoast SEO plugin. -->","yoast_head_json":{"title":"Aviso legal | Treatwell","robots":{"index":"index","follow":"follow","max-snippet":"max-snippet:-1","max-image-preview":"max-image-preview:large","max-video-preview":"max-video-preview:-1"},"canonical":"https:\/\/www.treatwell.pt/treatment-files\/disclaimer\/","og_locale":"pt_PT","og_type":"article","og_title":"Aviso legal | Treatwell","og_description":"A informa\u00e7\u00e3o contida nas especifica\u00e7\u00f5es dos tratamentos destina-se apenas a fins informativos gerais. A informa\u00e7\u00e3o \u00e9 fornecida pela Treatwell e, embora nos esforcemos por mant\u00ea-la atualizada e correta, n\u00e3o prestamos quaisquer declara\u00e7\u00f5es ou garantias de qualquer natureza, expressas ou impl\u00edcitas, quanto \u00e0 sua integridade, exatid\u00e3o, fiabilidade, adequa\u00e7\u00e3o ou disponibilidade relativamente \u00e0 informa\u00e7\u00e3o, produtos, servi\u00e7os ou [&hellip;]","og_url":"https:\/\/www.treatwell.pt/treatment-files\/disclaimer\/","og_site_name":"The Treatment Files Blog","article_modified_time":"2026-02-25T13:54:59+00:00","twitter_card":"summary_large_image","twitter_misc":{"Est. reading time":"2 minutos"},"schema":{"@context":"https:\/\/schema.org","@graph":[{"@type":"WebPage","@id":"https:\/\/www.treatwell.pt/treatment-files\/disclaimer\/","url":"https:\/\/www.treatwell.pt/treatment-files\/disclaimer\/","name":"Aviso legal | Treatwell","isPartOf":{"@id":"https:\/\/www.treatwell.pt/treatment-files\/#website"},"datePublished":"2018-05-30T12:11:32+00:00","dateModified":"2026-02-25T13:54:59+00:00","breadcrumb":{"@id":"https:\/\/www.treatwell.pt/treatment-files\/disclaimer\/#breadcrumb"},"inLanguage":"pt-PT","potentialAction":[{"@type":"ReadAction","target":["https:\/\/www.treatwell.pt/treatment-files\/disclaimer\/"]}]},{"@type":"BreadcrumbList","@id":"https:\/\/www.treatwell.pt/treatment-files\/disclaimer\/#breadcrumb","itemListElement":[{"@type":"ListItem","position":1,"name":"Home","item":"https:\/\/www.treatwell.pt/treatment-files\/"},{"@type":"ListItem","position":2,"name":"Aviso legal"}]},{"@type":"WebSite","@id":"https:\/\/www.treatwell.pt/treatment-files\/#website","url":"https:\/\/www.treatwell.pt/treatment-files\/","name":"The Treatment Files Blog","description":"Beleza. Cabelo. Lifestyle.","publisher":{"@id":"https:\/\/www.treatwell.pt/treatment-files\/#organization"},"potentialAction":[{"@type":"SearchAction","target":{"@type":"EntryPoint","urlTemplate":"https:\/\/www.treatwell.pt/treatment-files\/?s={search_term_string}"},"query-input":{"@type":"PropertyValueSpecification","valueRequired":true,"valueName":"search_term_string"}}],"inLanguage":"pt-PT"},{"@type":"Organization","@id":"https:\/\/www.treatwell.pt/treatment-files\/#organization","name":"Treatwell","url":"https:\/\/www.treatwell.pt/treatment-files\/","logo":{"@type":"ImageObject","inLanguage":"pt-PT","@id":"https:\/\/www.treatwell.pt/treatment-files\/#\/schema\/logo\/image\/","url":"https:\/\/es-es.twb2c.wpengine.treatwell.com\/wp-content\/uploads\/sites\/10\/2022\/03\/logo_treatwell.png","contentUrl":"https:\/\/es-es.twb2c.wpengine.treatwell.com\/wp-content\/uploads\/sites\/10\/2022\/03\/logo_treatwell.png","width":889,"height":164,"caption":"Treatwell"},"image":{"@id":"https:\/\/www.treatwell.pt/treatment-files\/#\/schema\/logo\/image\/"}}]}},"featured_image_src":null,"featured_image_src_square":null,"_links":{"self":[{"href":"https:\/\/www.treatwell.pt\/treatment-files\/wp-json\/wp\/v2\/pages\/24117","targetHints":{"allow":["GET"]}}],"collection":[{"href":"https:\/\/www.treatwell.pt\/treatment-files\/wp-json\/wp\/v2\/pages"}],"about":[{"href":"https:\/\/www.treatwell.pt\/treatment-files\/wp-json\/wp\/v2\/types\/page"}],"author":[{"embeddable":true,"href":"https:\/\/www.treatwell.pt\/treatment-files\/wp-json\/wp\/v2\/users\/3398"}],"replies":[{"embeddable":true,"href":"https:\/\/www.treatwell.pt\/treatment-files\/wp-json\/wp\/v2\/comments?post=24117"}],"version-history":[{"count":0,"href":"https:\/\/www.treatwell.pt\/treatment-files\/wp-json\/wp\/v2\/pages\/24117\/revisions"}],"wp:attachment":[{"href":"https:\/\/www.treatwell.pt\/treatment-files\/wp-json\/wp\/v2\/media?parent=24117"}],"curies":[{"name":"wp","href":"https:\/\/api.w.org\/{rel}","templated":true}]}}