{"id":32222,"date":"2022-04-26T10:44:54","date_gmt":"2022-04-26T08:44:54","guid":{"rendered":"https:\/\/twb2c.wpengine.com\/es\/homepage\/"},"modified":"2026-02-25T13:56:04","modified_gmt":"2026-02-25T13:56:04","slug":"blog","status":"publish","type":"page","link":"https:\/\/www.treatwell.pt/treatment-files\/","title":{"rendered":"Homepage"},"content":{"rendered":"<section class=\"gb-block-post-grid featuredpost aligncenter button-more-link\"><h2 class=\"gb-post-grid-section-title\">Em destaque<\/h2><div class=\"gb-post-grid-items is-grid columns-1\"><article id=\"post-33048\" class=\"gb-post-grid-item post-33048 post type-post status-publish format-standard has-post-thumbnail category-face category-skincare-diario category-tratamentos-faciais entry\"><div class=\"gb-block-post-grid-image\"><a href=\"https:\/\/www.treatwell.pt/treatment-files\/toda-a-verdade-sobre-a-pele-sem-filtros-mollie-burdell-e-dra-shireen-conversaram-sobre-borbulhas-skin-burnout-e-muito-mais\/\" rel=\"bookmark\" aria-hidden=\"true\" tabindex=\"-1\"><img decoding=\"async\" width=\"750\" height=\"420\" data-src=\"https:\/\/www.treatwell.pt/treatment-files\/wp-content\/uploads\/sites\/14\/2026\/04\/Dr.-Shireen-Mollie-Burdell-at-Clinic-Ten-Treatwell-750x420.png\" class=\"attachment-large-featured size-large-featured lazyload\" alt=\"Dr. Shireen &amp; Mollie Burdell at Clinic Ten | Treatwell\" data-srcset=\"https:\/\/www.treatwell.pt/treatment-files\/wp-content\/uploads\/sites\/14\/2026\/04\/Dr.-Shireen-Mollie-Burdell-at-Clinic-Ten-Treatwell-750x420.png 750w, https:\/\/www.treatwell.pt/treatment-files\/wp-content\/uploads\/sites\/14\/2026\/04\/Dr.-Shireen-Mollie-Burdell-at-Clinic-Ten-Treatwell-300x169.png 300w\" data-sizes=\"(max-width: 750px) 100vw, 750px\" src=\"data:image\/gif;base64,R0lGODlhAQABAAAAACH5BAEKAAEALAAAAAABAAEAAAICTAEAOw==\" style=\"--smush-placeholder-width: 750px; --smush-placeholder-aspect-ratio: 750\/420;\" \/><\/a><\/div><div class=\"gb-block-post-grid-text\"><header class=\"gb-block-post-grid-header\"><h3 class=\"gb-block-post-grid-title\"><a href=\"https:\/\/www.treatwell.pt/treatment-files\/toda-a-verdade-sobre-a-pele-sem-filtros-mollie-burdell-e-dra-shireen-conversaram-sobre-borbulhas-skin-burnout-e-muito-mais\/\" rel=\"bookmark\">Toda a verdade sobre a pele, sem filtros: Mollie Burdell e Dra. Shireen conversaram sobre borbulhas, skin burnout e muito mais<\/a><\/h3><div class=\"gb-block-post-grid-byline\"><div class=\"gb-block-post-grid-author\" itemprop=\"author\" itemtype=\"https:\/\/schema.org\/Person\"><a class=\"gb-text-link\" href=\"https:\/\/www.treatwell.pt/treatment-files\/author\/miryam-amertreatwell-com\/\" itemprop=\"url\" rel=\"author\"><span itemprop=\"name\">Miryam Amer<\/span><\/a><\/div><time datetime=\"2026-04-03T13:25:10+01:00\" class=\"gb-block-post-grid-date\" itemprop=\"datePublished\">3 Abril 2026<\/time><\/div><\/header><div class=\"gb-block-post-grid-excerpt\"><p>Dentro da Clinic Ten, no cora\u00e7\u00e3o de Londres, Mollie Burdell da SheerLuxe est\u00e1 deitada enquanto a Lana, especialista em tratamentos faciais, passa um bocal de suc\u00e7\u00e3o pelo seu rosto \u2014 extrai, hidrata, esculpe \u2014 tudo enquanto Mollie mant\u00e9m uma conversa super honesta sobre hiperpigmenta\u00e7\u00e3o, borbulhas hormonais, pele p\u00f3s-parto e por que raz\u00e3o o marido dela&hellip;<\/p>\n<p><a class=\"gb-block-post-grid-more-link gb-text-link\" href=\"https:\/\/www.treatwell.pt/treatment-files\/toda-a-verdade-sobre-a-pele-sem-filtros-mollie-burdell-e-dra-shireen-conversaram-sobre-borbulhas-skin-burnout-e-muito-mais\/\" rel=\"bookmark\">Continuar a ler <span class=\"screen-reader-text\">Toda a verdade sobre a pele, sem filtros: Mollie Burdell e Dra. Shireen conversaram sobre borbulhas, skin burnout e muito mais<\/span><\/a><\/p><\/div><\/div><\/article>\n<\/div><\/section>\n\n<section class=\"gb-block-post-grid featuredpost aligncenter button-more-link\"><h2 class=\"gb-post-grid-section-title\">Massagem<\/h2><div class=\"gb-post-grid-items is-grid columns-2\"><article id=\"post-32983\" class=\"gb-post-grid-item post-32983 post type-post status-publish format-standard has-post-thumbnail category-massagem entry\"><div class=\"gb-block-post-grid-image\"><a href=\"https:\/\/www.treatwell.pt/treatment-files\/dia-das-amigas-o-guia-que-realmente-te-ajuda\/\" rel=\"bookmark\" aria-hidden=\"true\" tabindex=\"-1\"><img decoding=\"async\" width=\"630\" height=\"350\" data-src=\"https:\/\/www.treatwell.pt/treatment-files\/wp-content\/uploads\/sites\/14\/2026\/02\/MPB1226-Featured-image-630x350.png\" class=\"attachment-medium-featured size-medium-featured lazyload\" alt=\"Galentine&#039;s Day | Treatwell\" src=\"data:image\/gif;base64,R0lGODlhAQABAAAAACH5BAEKAAEALAAAAAABAAEAAAICTAEAOw==\" style=\"--smush-placeholder-width: 630px; --smush-placeholder-aspect-ratio: 630\/350;\" \/><\/a><\/div><div class=\"gb-block-post-grid-text\"><header class=\"gb-block-post-grid-header\"><h3 class=\"gb-block-post-grid-title\"><a href=\"https:\/\/www.treatwell.pt/treatment-files\/dia-das-amigas-o-guia-que-realmente-te-ajuda\/\" rel=\"bookmark\">Dia das Amigas: O guia que realmente te ajuda<\/a><\/h3><div class=\"gb-block-post-grid-byline\"><div class=\"gb-block-post-grid-author\" itemprop=\"author\" itemtype=\"https:\/\/schema.org\/Person\"><a class=\"gb-text-link\" href=\"https:\/\/www.treatwell.pt/treatment-files\/author\/miryam-amertreatwell-com\/\" itemprop=\"url\" rel=\"author\"><span itemprop=\"name\">Miryam Amer<\/span><\/a><\/div><time datetime=\"2026-02-10T16:27:16+00:00\" class=\"gb-block-post-grid-date\" itemprop=\"datePublished\">10 Fevereiro 2026<\/time><\/div><\/header><div class=\"gb-block-post-grid-excerpt\"><p>O Dia das Amigas, a 13 de fevereiro, tamb\u00e9m conhecido como Galentine&#8217;s Day, \u00e9 o dia dedicado \u00e0 amizade e ao self-care. Sem arrependimentos. Se achavas que o&hellip;<\/p>\n<p><a class=\"gb-block-post-grid-more-link gb-text-link\" href=\"https:\/\/www.treatwell.pt/treatment-files\/dia-das-amigas-o-guia-que-realmente-te-ajuda\/\" rel=\"bookmark\">Continuar a ler <span class=\"screen-reader-text\">Dia das Amigas: O guia que realmente te ajuda<\/span><\/a><\/p><\/div><\/div><\/article>\n<\/div><\/section>\n\n\n\n","protected":false},"excerpt":{"rendered":"","protected":false},"author":3398,"featured_media":0,"parent":0,"menu_order":0,"comment_status":"closed","ping_status":"closed","template":"","meta":{"_acf_changed":false,"_genesis_hide_title":true,"_genesis_hide_breadcrumbs":true,"_genesis_hide_singular_image":true,"_genesis_hide_footer_widgets":false,"_genesis_custom_body_class":"","_genesis_custom_post_class":"","_genesis_layout":"content-sidebar","saswp_custom_schema_field":"","footnotes":""},"class_list":{"0":"post-32222","1":"page","2":"type-page","3":"status-publish","5":"entry"},"acf":[],"yoast_head":"<!-- This site is optimized with the Yoast SEO plugin v27.3 - https:\/\/yoast.com\/product\/yoast-seo-wordpress\/ -->\n<title>O Guia da Beleza | Treatwell<\/title>\n<meta name=\"description\" content=\"O teu passe VIP para a beleza. Das tend\u00eancias ao tratamento ideal, encontra inspira\u00e7\u00e3o e dicas de especialistas no blog da Treatwell.\" \/>\n<meta name=\"robots\" content=\"index, follow, max-snippet:-1, max-image-preview:large, max-video-preview:-1\" \/>\n<link rel=\"canonical\" href=\"https:\/\/www.treatwell.pt/treatment-files\/\" \/>\n<meta property=\"og:locale\" content=\"pt_PT\" \/>\n<meta property=\"og:type\" content=\"article\" \/>\n<meta property=\"og:title\" content=\"O Guia da Beleza | Treatwell\" \/>\n<meta property=\"og:description\" content=\"O teu passe VIP para a beleza. Das tend\u00eancias ao tratamento ideal, encontra inspira\u00e7\u00e3o e dicas de especialistas no blog da Treatwell.\" \/>\n<meta property=\"og:url\" content=\"https:\/\/www.treatwell.pt/treatment-files\/\" \/>\n<meta property=\"og:site_name\" content=\"The Treatment Files Blog\" \/>\n<meta property=\"article:modified_time\" content=\"2026-02-25T13:56:04+00:00\" \/>\n<meta name=\"twitter:card\" content=\"summary_large_image\" \/>\n<script type=\"application\/ld+json\" class=\"yoast-schema-graph\">{\"@context\":\"https:\\\/\\\/schema.org\",\"@graph\":[{\"@type\":\"WebPage\",\"@id\":\"https:\\\/\\\/www.treatwell.pt/treatment-files\\\/\",\"url\":\"https:\\\/\\\/www.treatwell.pt/treatment-files\\\/\",\"name\":\"O Guia da Beleza | Treatwell\",\"isPartOf\":{\"@id\":\"https:\\\/\\\/www.treatwell.pt/treatment-files\\\/#website\"},\"datePublished\":\"2022-04-26T08:44:54+00:00\",\"dateModified\":\"2026-02-25T13:56:04+00:00\",\"description\":\"O teu passe VIP para a beleza. Das tend\u00eancias ao tratamento ideal, encontra inspira\u00e7\u00e3o e dicas de especialistas no blog da Treatwell.\",\"breadcrumb\":{\"@id\":\"https:\\\/\\\/www.treatwell.pt/treatment-files\\\/#breadcrumb\"},\"inLanguage\":\"pt-PT\",\"potentialAction\":[{\"@type\":\"ReadAction\",\"target\":[\"https:\\\/\\\/www.treatwell.pt/treatment-files\\\/\"]}]},{\"@type\":\"BreadcrumbList\",\"@id\":\"https:\\\/\\\/www.treatwell.pt/treatment-files\\\/#breadcrumb\",\"itemListElement\":[{\"@type\":\"ListItem\",\"position\":1,\"name\":\"Home\",\"item\":\"https:\\\/\\\/www.treatwell.pt/treatment-files\\\/\"},{\"@type\":\"ListItem\",\"position\":2,\"name\":\"Homepage\"}]},{\"@type\":\"WebSite\",\"@id\":\"https:\\\/\\\/www.treatwell.pt/treatment-files\\\/#website\",\"url\":\"https:\\\/\\\/www.treatwell.pt/treatment-files\\\/\",\"name\":\"The Treatment Files Blog\",\"description\":\"Beleza. Cabelo. Lifestyle.\",\"publisher\":{\"@id\":\"https:\\\/\\\/www.treatwell.pt/treatment-files\\\/#organization\"},\"potentialAction\":[{\"@type\":\"SearchAction\",\"target\":{\"@type\":\"EntryPoint\",\"urlTemplate\":\"https:\\\/\\\/www.treatwell.pt/treatment-files\\\/?s={search_term_string}\"},\"query-input\":{\"@type\":\"PropertyValueSpecification\",\"valueRequired\":true,\"valueName\":\"search_term_string\"}}],\"inLanguage\":\"pt-PT\"},{\"@type\":\"Organization\",\"@id\":\"https:\\\/\\\/www.treatwell.pt/treatment-files\\\/#organization\",\"name\":\"Treatwell\",\"url\":\"https:\\\/\\\/www.treatwell.pt/treatment-files\\\/\",\"logo\":{\"@type\":\"ImageObject\",\"inLanguage\":\"pt-PT\",\"@id\":\"https:\\\/\\\/www.treatwell.pt/treatment-files\\\/#\\\/schema\\\/logo\\\/image\\\/\",\"url\":\"https:\\\/\\\/es-es.twb2c.wpengine.treatwell.com\\\/wp-content\\\/uploads\\\/sites\\\/10\\\/2022\\\/03\\\/logo_treatwell.png\",\"contentUrl\":\"https:\\\/\\\/es-es.twb2c.wpengine.treatwell.com\\\/wp-content\\\/uploads\\\/sites\\\/10\\\/2022\\\/03\\\/logo_treatwell.png\",\"width\":889,\"height\":164,\"caption\":\"Treatwell\"},\"image\":{\"@id\":\"https:\\\/\\\/www.treatwell.pt/treatment-files\\\/#\\\/schema\\\/logo\\\/image\\\/\"}}]}<\/script>\n<!-- \/ Yoast SEO plugin. -->","yoast_head_json":{"title":"O Guia da Beleza | Treatwell","description":"O teu passe VIP para a beleza. Das tend\u00eancias ao tratamento ideal, encontra inspira\u00e7\u00e3o e dicas de especialistas no blog da Treatwell.","robots":{"index":"index","follow":"follow","max-snippet":"max-snippet:-1","max-image-preview":"max-image-preview:large","max-video-preview":"max-video-preview:-1"},"canonical":"https:\/\/www.treatwell.pt/treatment-files\/","og_locale":"pt_PT","og_type":"article","og_title":"O Guia da Beleza | Treatwell","og_description":"O teu passe VIP para a beleza. Das tend\u00eancias ao tratamento ideal, encontra inspira\u00e7\u00e3o e dicas de especialistas no blog da Treatwell.","og_url":"https:\/\/www.treatwell.pt/treatment-files\/","og_site_name":"The Treatment Files Blog","article_modified_time":"2026-02-25T13:56:04+00:00","twitter_card":"summary_large_image","schema":{"@context":"https:\/\/schema.org","@graph":[{"@type":"WebPage","@id":"https:\/\/www.treatwell.pt/treatment-files\/","url":"https:\/\/www.treatwell.pt/treatment-files\/","name":"O Guia da Beleza | Treatwell","isPartOf":{"@id":"https:\/\/www.treatwell.pt/treatment-files\/#website"},"datePublished":"2022-04-26T08:44:54+00:00","dateModified":"2026-02-25T13:56:04+00:00","description":"O teu passe VIP para a beleza. Das tend\u00eancias ao tratamento ideal, encontra inspira\u00e7\u00e3o e dicas de especialistas no blog da Treatwell.","breadcrumb":{"@id":"https:\/\/www.treatwell.pt/treatment-files\/#breadcrumb"},"inLanguage":"pt-PT","potentialAction":[{"@type":"ReadAction","target":["https:\/\/www.treatwell.pt/treatment-files\/"]}]},{"@type":"BreadcrumbList","@id":"https:\/\/www.treatwell.pt/treatment-files\/#breadcrumb","itemListElement":[{"@type":"ListItem","position":1,"name":"Home","item":"https:\/\/www.treatwell.pt/treatment-files\/"},{"@type":"ListItem","position":2,"name":"Homepage"}]},{"@type":"WebSite","@id":"https:\/\/www.treatwell.pt/treatment-files\/#website","url":"https:\/\/www.treatwell.pt/treatment-files\/","name":"The Treatment Files Blog","description":"Beleza. Cabelo. Lifestyle.","publisher":{"@id":"https:\/\/www.treatwell.pt/treatment-files\/#organization"},"potentialAction":[{"@type":"SearchAction","target":{"@type":"EntryPoint","urlTemplate":"https:\/\/www.treatwell.pt/treatment-files\/?s={search_term_string}"},"query-input":{"@type":"PropertyValueSpecification","valueRequired":true,"valueName":"search_term_string"}}],"inLanguage":"pt-PT"},{"@type":"Organization","@id":"https:\/\/www.treatwell.pt/treatment-files\/#organization","name":"Treatwell","url":"https:\/\/www.treatwell.pt/treatment-files\/","logo":{"@type":"ImageObject","inLanguage":"pt-PT","@id":"https:\/\/www.treatwell.pt/treatment-files\/#\/schema\/logo\/image\/","url":"https:\/\/es-es.twb2c.wpengine.treatwell.com\/wp-content\/uploads\/sites\/10\/2022\/03\/logo_treatwell.png","contentUrl":"https:\/\/es-es.twb2c.wpengine.treatwell.com\/wp-content\/uploads\/sites\/10\/2022\/03\/logo_treatwell.png","width":889,"height":164,"caption":"Treatwell"},"image":{"@id":"https:\/\/www.treatwell.pt/treatment-files\/#\/schema\/logo\/image\/"}}]}},"featured_image_src":null,"featured_image_src_square":null,"_links":{"self":[{"href":"https:\/\/www.treatwell.pt\/treatment-files\/wp-json\/wp\/v2\/pages\/32222","targetHints":{"allow":["GET"]}}],"collection":[{"href":"https:\/\/www.treatwell.pt\/treatment-files\/wp-json\/wp\/v2\/pages"}],"about":[{"href":"https:\/\/www.treatwell.pt\/treatment-files\/wp-json\/wp\/v2\/types\/page"}],"author":[{"embeddable":true,"href":"https:\/\/www.treatwell.pt\/treatment-files\/wp-json\/wp\/v2\/users\/3398"}],"replies":[{"embeddable":true,"href":"https:\/\/www.treatwell.pt\/treatment-files\/wp-json\/wp\/v2\/comments?post=32222"}],"version-history":[{"count":0,"href":"https:\/\/www.treatwell.pt\/treatment-files\/wp-json\/wp\/v2\/pages\/32222\/revisions"}],"wp:attachment":[{"href":"https:\/\/www.treatwell.pt\/treatment-files\/wp-json\/wp\/v2\/media?parent=32222"}],"curies":[{"name":"wp","href":"https:\/\/api.w.org\/{rel}","templated":true}]}}